{"id":1352,"date":"2021-10-25T12:00:13","date_gmt":"2021-10-25T12:00:13","guid":{"rendered":"https:\/\/tleo.app\/home.new\/?page_id=1352"},"modified":"2021-10-26T09:04:47","modified_gmt":"2021-10-26T09:04:47","slug":"servicios","status":"publish","type":"page","link":"https:\/\/www.tleo.app\/home\/servicios\/","title":{"rendered":"Servicios"},"content":{"rendered":"\t\t<div data-elementor-type=\"wp-page\" data-elementor-id=\"1352\" class=\"elementor elementor-1352\">\n\t\t\t\t\t\t<section class=\"elementor-section elementor-top-section elementor-element elementor-element-953ea58 elementor-section-boxed elementor-section-height-default elementor-section-height-default\" data-id=\"953ea58\" data-element_type=\"section\" data-settings=\"{&quot;shape_divider_top&quot;:&quot;curve&quot;}\">\n\t\t\t\t\t<div class=\"elementor-shape elementor-shape-top\" aria-hidden=\"true\" data-negative=\"false\">\n\t\t\t<svg xmlns=\"http:\/\/www.w3.org\/2000\/svg\" viewBox=\"0 0 1000 100\" preserveAspectRatio=\"none\">\n    <path class=\"elementor-shape-fill\" d=\"M1000,4.3V0H0v4.3C0.9,23.1,126.7,99.2,500,100S1000,22.7,1000,4.3z\"\/>\n<\/svg>\t\t<\/div>\n\t\t\t\t\t<div class=\"elementor-container elementor-column-gap-default\">\n\t\t\t\t\t<div class=\"elementor-column elementor-col-100 elementor-top-column elementor-element elementor-element-8f04924\" data-id=\"8f04924\" data-element_type=\"column\">\n\t\t\t<div class=\"elementor-widget-wrap elementor-element-populated\">\n\t\t\t\t\t\t<div class=\"elementor-element elementor-element-7020d4f elementor-widget elementor-widget-heading\" data-id=\"7020d4f\" data-element_type=\"widget\" data-widget_type=\"heading.default\">\n\t\t\t\t<div class=\"elementor-widget-container\">\n\t\t\t\t\t<h2 class=\"elementor-heading-title elementor-size-default\">Planes y Servicios<\/h2>\t\t\t\t<\/div>\n\t\t\t\t<\/div>\n\t\t\t\t<section class=\"elementor-section elementor-inner-section elementor-element elementor-element-35cd8d9 elementor-section-boxed elementor-section-height-default elementor-section-height-default\" data-id=\"35cd8d9\" data-element_type=\"section\">\n\t\t\t\t\t\t<div class=\"elementor-container elementor-column-gap-custom\">\n\t\t\t\t\t<div class=\"elementor-column elementor-col-50 elementor-inner-column elementor-element elementor-element-1f3abd9\" data-id=\"1f3abd9\" data-element_type=\"column\" data-settings=\"{&quot;background_background&quot;:&quot;gradient&quot;}\">\n\t\t\t<div class=\"elementor-widget-wrap elementor-element-populated\">\n\t\t\t\t\t\t<div class=\"elementor-element elementor-element-4641c87 elementor-widget elementor-widget-heading\" data-id=\"4641c87\" data-element_type=\"widget\" data-widget_type=\"heading.default\">\n\t\t\t\t<div class=\"elementor-widget-container\">\n\t\t\t\t\t<h2 class=\"elementor-heading-title elementor-size-default\">Plan Gratuito:<\/h2>\t\t\t\t<\/div>\n\t\t\t\t<\/div>\n\t\t\t\t<div class=\"elementor-element elementor-element-3fb76c0 elementor-widget elementor-widget-text-editor\" data-id=\"3fb76c0\" data-element_type=\"widget\" data-widget_type=\"text-editor.default\">\n\t\t\t\t<div class=\"elementor-widget-container\">\n\t\t\t\t\t\t\t\t\t<p>Texto a voz: Tleo reproduce lo que escribe.<\/p><p>\u00a0<\/p><p>Transcribe cualquier conversaci\u00f3n.<\/p><p>\u00a0<\/p><p>Guarda transcripciones para recordar sus conversaciones.<\/p>\t\t\t\t\t\t\t\t<\/div>\n\t\t\t\t<\/div>\n\t\t\t\t\t<\/div>\n\t\t<\/div>\n\t\t\t\t<div class=\"elementor-column elementor-col-50 elementor-inner-column elementor-element elementor-element-1b25652\" data-id=\"1b25652\" data-element_type=\"column\" data-settings=\"{&quot;background_background&quot;:&quot;gradient&quot;}\">\n\t\t\t<div class=\"elementor-widget-wrap elementor-element-populated\">\n\t\t\t\t\t\t<div class=\"elementor-element elementor-element-3fdf05e elementor-widget elementor-widget-heading\" data-id=\"3fdf05e\" data-element_type=\"widget\" data-widget_type=\"heading.default\">\n\t\t\t\t<div class=\"elementor-widget-container\">\n\t\t\t\t\t<h2 class=\"elementor-heading-title elementor-size-default\">Plan Premium:<\/h2>\t\t\t\t<\/div>\n\t\t\t\t<\/div>\n\t\t\t\t<div class=\"elementor-element elementor-element-5e143ab elementor-widget elementor-widget-text-editor\" data-id=\"5e143ab\" data-element_type=\"widget\" data-widget_type=\"text-editor.default\">\n\t\t\t\t<div class=\"elementor-widget-container\">\n\t\t\t\t\t\t\t\t\t<p>Texto a voz: Tleo reproduce lo que escribe.<\/p><p>\u00a0<\/p><p>Transcribe cualquier conversaci\u00f3n.<\/p><p>\u00a0<\/p><p>Guarda transcripciones para recordar sus conversaciones.<\/p><p>\u00a0<\/p><p>Sirve para Educaci\u00f3n, Charlas, Congresos, Gu\u00edas tur\u00edsticas, Museos, Academias, rutas tur\u00edsticas.<\/p><p>\u00a0<\/p><p>Tenemos acuerdos con Organismos P\u00fablicos, Colegios, Universidades para dar nuestro servicio.<\/p>\t\t\t\t\t\t\t\t<\/div>\n\t\t\t\t<\/div>\n\t\t\t\t\t<\/div>\n\t\t<\/div>\n\t\t\t\t\t<\/div>\n\t\t<\/section>\n\t\t\t\t\t<\/div>\n\t\t<\/div>\n\t\t\t\t\t<\/div>\n\t\t<\/section>\n\t\t\t\t<\/div>\n\t\t","protected":false},"excerpt":{"rendered":"<p>Planes y Servicios Plan Gratuito: Texto a voz: Tleo reproduce lo que escribe. \u00a0 Transcribe cualquier conversaci\u00f3n. \u00a0 Guarda transcripciones para recordar sus conversaciones. Plan Premium: Texto a voz: Tleo reproduce lo que escribe. \u00a0 Transcribe cualquier conversaci\u00f3n. \u00a0 Guarda transcripciones para recordar sus conversaciones. \u00a0 Sirve para Educaci\u00f3n, Charlas, Congresos, Gu\u00edas tur\u00edsticas, Museos, Academias,<a class=\"more-link\" href=\"https:\/\/www.tleo.app\/home\/servicios\/\">Continue reading <span class=\"screen-reader-text\">&#8220;Servicios&#8221;<\/span><\/a><\/p>\n","protected":false},"author":1,"featured_media":0,"parent":0,"menu_order":0,"comment_status":"closed","ping_status":"closed","template":"elementor_canvas","meta":{"footnotes":""},"class_list":["post-1352","page","type-page","status-publish","hentry","entry"],"_links":{"self":[{"href":"https:\/\/www.tleo.app\/home\/wp-json\/wp\/v2\/pages\/1352","targetHints":{"allow":["GET"]}}],"collection":[{"href":"https:\/\/www.tleo.app\/home\/wp-json\/wp\/v2\/pages"}],"about":[{"href":"https:\/\/www.tleo.app\/home\/wp-json\/wp\/v2\/types\/page"}],"author":[{"embeddable":true,"href":"https:\/\/www.tleo.app\/home\/wp-json\/wp\/v2\/users\/1"}],"replies":[{"embeddable":true,"href":"https:\/\/www.tleo.app\/home\/wp-json\/wp\/v2\/comments?post=1352"}],"version-history":[{"count":34,"href":"https:\/\/www.tleo.app\/home\/wp-json\/wp\/v2\/pages\/1352\/revisions"}],"predecessor-version":[{"id":1439,"href":"https:\/\/www.tleo.app\/home\/wp-json\/wp\/v2\/pages\/1352\/revisions\/1439"}],"wp:attachment":[{"href":"https:\/\/www.tleo.app\/home\/wp-json\/wp\/v2\/media?parent=1352"}],"curies":[{"name":"wp","href":"https:\/\/api.w.org\/{rel}","templated":true}]}}